{"id":60,"date":"2021-11-26T13:07:54","date_gmt":"2021-11-26T11:07:54","guid":{"rendered":"http:\/\/dev.ideahub.tsi.lv\/?page_id=60"},"modified":"2026-03-26T10:52:05","modified_gmt":"2026-03-26T08:52:05","slug":"about","status":"publish","type":"page","link":"https:\/\/ideahub.tsi.lv\/lv\/about\/","title":{"rendered":"Par Mums"},"content":{"rendered":"<p>Transporta un sakaru instit\u016bts (TSI) ir uzs\u0101cis jaunu studentu inov\u0101ciju atbalsta iniciat\u012bvu - otro projektu \u201cInov\u0101ciju granti studentiem\u201d TSI Inov\u0101ciju un uz\u0146\u0113m\u0113jdarb\u012bbas centra iDEAHUB ietvaros. Projekts turpina veiksm\u012bgi ies\u0101kto pirm\u0101 iDEAHUB posma darbu, stiprinot studentu inov\u0101ciju potenci\u0101lu un uz\u0146\u0113m\u0113jsp\u0113jas.<\/p>\n\n\n\n<p>Projekta \u012bsteno\u0161anas periods ir no 2026. gada 1. janv\u0101ra l\u012bdz 2027. gada 31. decembrim. T\u0101 m\u0113r\u0137is ir sniegt finansi\u0101lu atbalstu, praktiskas apm\u0101c\u012bbas, mentoringu un sadarb\u012bbas iesp\u0113jas ar industrijas partneriem da\u017e\u0101du studiju l\u012bme\u0146u studentiem.<\/p>\n\n\n\n<p>Pieteic\u0113ji ir aicin\u0101ti iesniegt Inov\u0101ciju projektu pieteikumus \u0161\u0101dos tematiskajos virzienos:<\/p>\n\n\n\n<ul class=\"wp-block-list\">\n<li><strong>Inform\u0101cijas un komunik\u0101cijas tehnolo\u0123ijas<\/strong><\/li>\n\n\n\n<li><strong>Digit\u0101l\u0101 sabiedr\u012bba un transform\u0101cija<\/strong><\/li>\n\n\n\n<li><strong>Vied\u0101 lo\u0123istika un transports<\/strong><\/li>\n<\/ul>\n\n\n\n<p>Otr\u0101 iDEAHUB projekta ietvaros <strong>pl\u0101nots atbalst\u012bt l\u012bdz pat 20 studentu inov\u0101ciju projektiem<\/strong> , nodro\u0161inot tiem ce\u013cu no idejas l\u012bdz praktiskai realiz\u0101cijai. Projekts stiprin\u0101s sadarb\u012bbu starp akad\u0113misko vidi un uz\u0146\u0113m\u0113jdarb\u012bbas sektoru, veicinot jaunu, konkur\u0113tsp\u0113j\u012bgu risin\u0101jumu rad\u012b\u0161anu un ievie\u0161anu.<\/p>\n\n\n\n<p class=\"translation-block\">Vienlaikus ir izsludin\u0101ts ar\u012b <strong>pirmais iDEAHUB konkurss<\/strong>. Pieteikumu iesnieg\u0161anas <strong>termi\u0146\u0161 ir<\/strong> 2026. gada 2. apr\u012blis, plkst. 12:00. <strong>Mazajiem projektiem<\/strong> pieejamais finans\u0113jums ir l\u012bdz <strong>2000 eiro<\/strong>, savuk\u0101rt <strong>lielajiem projektiem<\/strong> - l\u012bdz <strong>8406 eiro<\/strong>.<\/p>\n\n\n\n<p class=\"translation-block\">Projekta ietvaros ikviens <strong>dal\u012bbnieks sa\u0146ems ar\u012b ikm\u0113ne\u0161a stipendiju no 200 - 228 eiro, k\u0101 ar\u012b mentoringu, konsult\u0101cijas, praktiskas apm\u0101c\u012bbas un pieeju sadarb\u012bbai ar industrijas partneriem.<\/strong> Tas pal\u012bdz\u0113s att\u012bst\u012bt inov\u0101ciju idejas no s\u0101kotn\u0113j\u0101s ieceres l\u012bdz praktiskam risin\u0101jumam.<\/p>\n\n\n\n<p>iDEAHUB turpina veidot vidi, kur\u0101 studentu idejas p\u0101rtop re\u0101los risin\u0101jumos ar noz\u012bm\u012bgu ietekmi uz Latvijas inov\u0101ciju ekosist\u0113mu. Aicin\u0101m sekot l\u012bdzi aktu\u0101lajai inform\u0101cijai par pieteik\u0161anos un dal\u012bbas iesp\u0113j\u0101m.<\/p>\n\n\n\n<p><em><em>Ja Tev rodas k\u0101di jaut\u0101jumi, dro\u0161i raksti vai zvani \u2013 <\/em><a href=\"mailto:ideahub@tsi.lv\" target=\"_self\"><em>ideahub@tsi.lv<\/em><\/a><em>; +371 67100668, +371 29647759; +371 29819175.<\/em>&nbsp;<\/em><a href=\"mailto:ideahub@tsi.lv\"><em>ideahub@tsi.lv<\/em><\/a><em>; +371 67100668, +371 29647759; +371 29819175.<\/em><\/p>\n\n\n\n<p><a href=\"https:\/\/tsi.lv\/wp-content\/uploads\/2021\/12\/1pielikums_pieteikuma-veidlapa_lv.docx\" target=\"_blank\" rel=\"noreferrer noopener\"><\/a><a href=\"https:\/\/ideahub.tsi.lv\/wp-content\/uploads\/2026\/03\/1-Nolikums_2.04.2026_iDEAHUB.docx\" target=\"_blank\" rel=\"noreferrer noopener\">NOLIKUMS<br><\/a><a href=\"https:\/\/ideahub.tsi.lv\/wp-content\/uploads\/2026\/03\/2-Pieteikuma_veidlapa.docx\" target=\"_blank\" rel=\"noreferrer noopener\">PIETEIKUMA VEIDLAPA<\/a><br><a href=\"https:\/\/ideahub.tsi.lv\/wp-content\/uploads\/2026\/03\/3-Budzeta_veidlapa_Lielais_projekts.docx\" target=\"_blank\" rel=\"noreferrer noopener\">BUD\u017dETA PROJEKTA AIZPILDES VEIDLAPA<\/a><br><a href=\"https:\/\/ideahub.tsi.lv\/wp-content\/uploads\/2026\/03\/4-Vertesanas_kriteriji.docx\" target=\"_blank\" rel=\"noreferrer noopener\">V\u0112RT\u0112\u0160ANAS KRIT\u0112RIJI<\/a><\/p>\n\n\n\n<p>Nolikuma tekst\u0101 iesp\u0113jamas neb\u016btiskas izmai\u0146as un papildin\u0101jumi.<br><strong>Konkursa dokumenti var tikt iesniegti uz iDEAHUB (<a href=\"mailto:ideahub@tsi.lv\">ideahub@tsi.lv<\/a>) <strong>l\u012bdz 2026. gada 2. apr\u012blim, plkst. 12:00<\/strong>.<\/strong><\/p>\n\n\n\n<p><a href=\"https:\/\/tsi.lv\/wp-content\/uploads\/2021\/11\/tsi-ideahub-inovaciju-pieteikumu-darbu-vaditaji.pdf\" target=\"_blank\" rel=\"noreferrer noopener\">Iesp\u0113jamo darbu vad\u012bt\u0101ju saraksts<\/a><\/p>","protected":false},"excerpt":{"rendered":"<p>TSI has launched a new student innovation support initiative &#8211; the second \u201cInnovation Grants for Students\u201d project within iDEAHUB, TSI\u2019s Innovation and Entrepreneurship Centre. Building&hellip;<\/p>","protected":false},"author":1,"featured_media":0,"parent":0,"menu_order":0,"comment_status":"closed","ping_status":"closed","template":"","meta":{"footnotes":""},"class_list":["post-60","page","type-page","status-publish","hentry"],"yoast_head":"<!-- This site is optimized with the Yoast SEO plugin v27.2 - https:\/\/yoast.com\/product\/yoast-seo-wordpress\/ -->\n<title>About - iDeaHub<\/title>\n<meta name=\"robots\" content=\"index, follow, max-snippet:-1, max-image-preview:large, max-video-preview:-1\" \/>\n<link rel=\"canonical\" href=\"https:\/\/ideahub.tsi.lv\/lv\/about\/\" class=\"yoast-seo-meta-tag\" \/>\n<meta property=\"og:locale\" content=\"lv_LV\" class=\"yoast-seo-meta-tag\" \/>\n<meta property=\"og:type\" content=\"article\" class=\"yoast-seo-meta-tag\" \/>\n<meta property=\"og:title\" content=\"About - iDeaHub\" class=\"yoast-seo-meta-tag\" \/>\n<meta property=\"og:description\" content=\"TSI has launched a new student innovation support initiative &#8211; the second \u201cInnovation Grants for Students\u201d project within iDEAHUB, TSI\u2019s Innovation and Entrepreneurship Centre. Building&hellip;\" class=\"yoast-seo-meta-tag\" \/>\n<meta property=\"og:url\" content=\"https:\/\/ideahub.tsi.lv\/lv\/about\/\" class=\"yoast-seo-meta-tag\" \/>\n<meta property=\"og:site_name\" content=\"iDeaHub\" class=\"yoast-seo-meta-tag\" \/>\n<meta property=\"article:modified_time\" content=\"2026-03-26T08:52:05+00:00\" class=\"yoast-seo-meta-tag\" \/>\n<meta name=\"twitter:card\" content=\"summary_large_image\" class=\"yoast-seo-meta-tag\" \/>\n<meta name=\"twitter:label1\" content=\"Est. reading time\" class=\"yoast-seo-meta-tag\" \/>\n\t<meta name=\"twitter:data1\" content=\"2 min\u016btes\" class=\"yoast-seo-meta-tag\" \/>\n<script type=\"application\/ld+json\" class=\"yoast-schema-graph\">{\"@context\":\"https:\/\/schema.org\",\"@graph\":[{\"@type\":\"WebPage\",\"@id\":\"https:\/\/ideahub.tsi.lv\/about\/\",\"url\":\"https:\/\/ideahub.tsi.lv\/about\/\",\"name\":\"About - iDeaHub\",\"isPartOf\":{\"@id\":\"https:\/\/ideahub.tsi.lv\/#website\"},\"datePublished\":\"2021-11-26T11:07:54+00:00\",\"dateModified\":\"2026-03-26T08:52:05+00:00\",\"breadcrumb\":{\"@id\":\"https:\/\/ideahub.tsi.lv\/about\/#breadcrumb\"},\"inLanguage\":\"lv-LV\",\"potentialAction\":[{\"@type\":\"ReadAction\",\"target\":[\"https:\/\/ideahub.tsi.lv\/about\/\"]}]},{\"@type\":\"BreadcrumbList\",\"@id\":\"https:\/\/ideahub.tsi.lv\/about\/#breadcrumb\",\"itemListElement\":[{\"@type\":\"ListItem\",\"position\":1,\"name\":\"Home\",\"item\":\"https:\/\/ideahub.tsi.lv\/\"},{\"@type\":\"ListItem\",\"position\":2,\"name\":\"About\"}]},{\"@type\":\"WebSite\",\"@id\":\"https:\/\/ideahub.tsi.lv\/#website\",\"url\":\"https:\/\/ideahub.tsi.lv\/\",\"name\":\"iDeaHub\",\"description\":\"Inov\u0101ciju Centrs\",\"publisher\":{\"@id\":\"https:\/\/ideahub.tsi.lv\/#organization\"},\"potentialAction\":[{\"@type\":\"SearchAction\",\"target\":{\"@type\":\"EntryPoint\",\"urlTemplate\":\"https:\/\/ideahub.tsi.lv\/?s={search_term_string}\"},\"query-input\":{\"@type\":\"PropertyValueSpecification\",\"valueRequired\":true,\"valueName\":\"search_term_string\"}}],\"inLanguage\":\"lv-LV\"},{\"@type\":\"Organization\",\"@id\":\"https:\/\/ideahub.tsi.lv\/#organization\",\"name\":\"IDeaHub\",\"url\":\"https:\/\/ideahub.tsi.lv\/\",\"logo\":{\"@type\":\"ImageObject\",\"inLanguage\":\"lv-LV\",\"@id\":\"https:\/\/ideahub.tsi.lv\/#\/schema\/logo\/image\/\",\"url\":\"https:\/\/ideahub.tsi.lv\/wp-content\/uploads\/2021\/12\/Ideahub-logo-ar-sloganu.webp\",\"contentUrl\":\"https:\/\/ideahub.tsi.lv\/wp-content\/uploads\/2021\/12\/Ideahub-logo-ar-sloganu.webp\",\"width\":909,\"height\":388,\"caption\":\"IDeaHub\"},\"image\":{\"@id\":\"https:\/\/ideahub.tsi.lv\/#\/schema\/logo\/image\/\"}}]}<\/script>\n<!-- \/ Yoast SEO plugin. -->","yoast_head_json":{"title":"About - iDeaHub","robots":{"index":"index","follow":"follow","max-snippet":"max-snippet:-1","max-image-preview":"max-image-preview:large","max-video-preview":"max-video-preview:-1"},"canonical":"https:\/\/ideahub.tsi.lv\/lv\/about\/","og_locale":"lv_LV","og_type":"article","og_title":"About - iDeaHub","og_description":"TSI has launched a new student innovation support initiative &#8211; the second \u201cInnovation Grants for Students\u201d project within iDEAHUB, TSI\u2019s Innovation and Entrepreneurship Centre. Building&hellip;","og_url":"https:\/\/ideahub.tsi.lv\/lv\/about\/","og_site_name":"iDeaHub","article_modified_time":"2026-03-26T08:52:05+00:00","twitter_card":"summary_large_image","twitter_misc":{"Est. reading time":"2 min\u016btes"},"schema":{"@context":"https:\/\/schema.org","@graph":[{"@type":"WebPage","@id":"https:\/\/ideahub.tsi.lv\/about\/","url":"https:\/\/ideahub.tsi.lv\/about\/","name":"About - iDeaHub","isPartOf":{"@id":"https:\/\/ideahub.tsi.lv\/#website"},"datePublished":"2021-11-26T11:07:54+00:00","dateModified":"2026-03-26T08:52:05+00:00","breadcrumb":{"@id":"https:\/\/ideahub.tsi.lv\/about\/#breadcrumb"},"inLanguage":"lv-LV","potentialAction":[{"@type":"ReadAction","target":["https:\/\/ideahub.tsi.lv\/about\/"]}]},{"@type":"BreadcrumbList","@id":"https:\/\/ideahub.tsi.lv\/about\/#breadcrumb","itemListElement":[{"@type":"ListItem","position":1,"name":"Home","item":"https:\/\/ideahub.tsi.lv\/"},{"@type":"ListItem","position":2,"name":"About"}]},{"@type":"WebSite","@id":"https:\/\/ideahub.tsi.lv\/#website","url":"https:\/\/ideahub.tsi.lv\/","name":"iDeaHub","description":"Inov\u0101ciju Centrs","publisher":{"@id":"https:\/\/ideahub.tsi.lv\/#organization"},"potentialAction":[{"@type":"SearchAction","target":{"@type":"EntryPoint","urlTemplate":"https:\/\/ideahub.tsi.lv\/?s={search_term_string}"},"query-input":{"@type":"PropertyValueSpecification","valueRequired":true,"valueName":"search_term_string"}}],"inLanguage":"lv-LV"},{"@type":"Organization","@id":"https:\/\/ideahub.tsi.lv\/#organization","name":"IDeaHub","url":"https:\/\/ideahub.tsi.lv\/","logo":{"@type":"ImageObject","inLanguage":"lv-LV","@id":"https:\/\/ideahub.tsi.lv\/#\/schema\/logo\/image\/","url":"https:\/\/ideahub.tsi.lv\/wp-content\/uploads\/2021\/12\/Ideahub-logo-ar-sloganu.webp","contentUrl":"https:\/\/ideahub.tsi.lv\/wp-content\/uploads\/2021\/12\/Ideahub-logo-ar-sloganu.webp","width":909,"height":388,"caption":"IDeaHub"},"image":{"@id":"https:\/\/ideahub.tsi.lv\/#\/schema\/logo\/image\/"}}]}},"_links":{"self":[{"href":"https:\/\/ideahub.tsi.lv\/lv\/wp-json\/wp\/v2\/pages\/60","targetHints":{"allow":["GET"]}}],"collection":[{"href":"https:\/\/ideahub.tsi.lv\/lv\/wp-json\/wp\/v2\/pages"}],"about":[{"href":"https:\/\/ideahub.tsi.lv\/lv\/wp-json\/wp\/v2\/types\/page"}],"author":[{"embeddable":true,"href":"https:\/\/ideahub.tsi.lv\/lv\/wp-json\/wp\/v2\/users\/1"}],"replies":[{"embeddable":true,"href":"https:\/\/ideahub.tsi.lv\/lv\/wp-json\/wp\/v2\/comments?post=60"}],"version-history":[{"count":19,"href":"https:\/\/ideahub.tsi.lv\/lv\/wp-json\/wp\/v2\/pages\/60\/revisions"}],"predecessor-version":[{"id":1972,"href":"https:\/\/ideahub.tsi.lv\/lv\/wp-json\/wp\/v2\/pages\/60\/revisions\/1972"}],"wp:attachment":[{"href":"https:\/\/ideahub.tsi.lv\/lv\/wp-json\/wp\/v2\/media?parent=60"}],"curies":[{"name":"wp","href":"https:\/\/api.w.org\/{rel}","templated":true}]}}