{"id":2014,"date":"2026-05-13T08:56:45","date_gmt":"2026-05-13T06:56:45","guid":{"rendered":"https:\/\/ideahub.tsi.lv\/?page_id=2014"},"modified":"2026-05-13T09:01:55","modified_gmt":"2026-05-13T07:01:55","slug":"apply","status":"publish","type":"page","link":"https:\/\/ideahub.tsi.lv\/lv\/apply\/","title":{"rendered":"Apply"},"content":{"rendered":"<div data-elementor-type=\"wp-page\" data-elementor-id=\"2014\" class=\"elementor elementor-2014\" data-elementor-post-type=\"page\">\n\t\t\t\t<div class=\"elementor-element elementor-element-5a40f2c e-flex e-con-boxed e-con e-parent\" data-id=\"5a40f2c\" data-element_type=\"container\" data-e-type=\"container\">\n\t\t\t\t\t<div class=\"e-con-inner\">\n\t\t\t\t<div class=\"elementor-element elementor-element-5a48d2a elementor-widget elementor-widget-text-editor\" data-id=\"5a48d2a\" data-element_type=\"widget\" data-e-type=\"widget\" data-widget_type=\"text-editor.default\">\n\t\t\t\t<div class=\"elementor-widget-container\">\n\t\t\t\t\t\t\t\t\t<h2 style=\"text-align: center;\"><b>Turn Your Idea into Reality!<\/b><\/h2><p><span style=\"font-weight: 400;\">The TSI University Business Incubator <\/span><b>iDEAHUB <\/b><span style=\"font-weight: 400;\">is designed to empower the next generation of innovators, helping students transform ideas into real-world solutions. iDEAHUB is more than a project, it\u2019s a platform where:<\/span><\/p><ul><li style=\"font-weight: 400;\" aria-level=\"1\"><span style=\"font-weight: 400;\">ideas become startups<\/span><\/li><li style=\"font-weight: 400;\" aria-level=\"1\"><span style=\"font-weight: 400;\">students gain real experience<\/span><\/li><li style=\"font-weight: 400;\" aria-level=\"1\"><span style=\"font-weight: 400;\">innovation meets industry<\/span><\/li><\/ul><p><span style=\"font-weight: 400;\">Projekta \u012bsteno\u0161anas periods ir no 2026. gada 1. janv\u0101ra l\u012bdz 2027. gada 31. decembrim. T\u0101 m\u0113r\u0137is ir sniegt finansi\u0101lu atbalstu, praktiskas apm\u0101c\u012bbas, mentoringu un sadarb\u012bbas iesp\u0113jas ar industrijas partneriem da\u017e\u0101du studiju l\u012bme\u0146u studentiem.<\/span><\/p><p><b>This is your chance to build something meaningful, develop entrepreneurial skills, and create solutions with real impact.<\/b><\/p><h2><b>Who Can Apply?<\/b><\/h2><p><span style=\"font-weight: 400;\">High school students and students at all levels are invited to apply individually or as part of a team, with innovative ideas in the following areas:<\/span><\/p><ul><li style=\"font-weight: 400;\" aria-level=\"1\"><span style=\"font-weight: 400;\">Inform\u0101cijas un komunik\u0101cijas tehnolo\u0123ijas<\/span><\/li><li style=\"font-weight: 400;\" aria-level=\"1\"><span style=\"font-weight: 400;\">Digit\u0101l\u0101 sabiedr\u012bba un transform\u0101cija<\/span><\/li><li style=\"font-weight: 400;\" aria-level=\"1\"><span style=\"font-weight: 400;\">Vied\u0101 lo\u0123istika un transports<\/span><\/li><\/ul><h2><b>What Do You Get?<\/b><\/h2><p><span style=\"font-weight: 400;\">Selected projects will receive:<\/span><\/p><ul><li style=\"font-weight: 400;\" aria-level=\"1\"><span style=\"font-weight: 400;\">Funding up to EUR 8,406<\/span><\/li><li style=\"font-weight: 400;\" aria-level=\"1\"><span style=\"font-weight: 400;\">Monthly scholarship up to EUR 228<\/span><\/li><li style=\"font-weight: 400;\" aria-level=\"1\"><span style=\"font-weight: 400;\">Mentoring and expert consultations<\/span><\/li><li style=\"font-weight: 400;\" aria-level=\"1\"><span style=\"font-weight: 400;\">Practical training and workshops<\/span><\/li><li style=\"font-weight: 400;\" aria-level=\"1\"><span style=\"font-weight: 400;\">Collaboration with industry partners<\/span><\/li><li style=\"font-weight: 400;\" aria-level=\"1\"><span style=\"font-weight: 400;\">Opportunity to win a scholarship of EUR 1500 for the further idea development<\/span><\/li><\/ul><h3 style=\"text-align: center;\"><b>Your idea can become the next success story! Apply today \u2013 individually or as part of a team, and reserve your spot!<\/b><\/h3>\t\t\t\t\t\t\t\t<\/div>\n\t\t\t\t<\/div>\n\t\t\t\t<div class=\"elementor-element elementor-element-d4e6cae elementor-button-align-center elementor-widget__width-initial elementor-widget elementor-widget-form\" data-id=\"d4e6cae\" data-element_type=\"widget\" data-e-type=\"widget\" data-settings=\"{&quot;step_next_label&quot;:&quot;Next&quot;,&quot;step_previous_label&quot;:&quot;Previous&quot;,&quot;button_width&quot;:&quot;100&quot;,&quot;step_type&quot;:&quot;number_text&quot;,&quot;step_icon_shape&quot;:&quot;circle&quot;}\" data-widget_type=\"form.default\">\n\t\t\t\t<div class=\"elementor-widget-container\">\n\t\t\t\t\t\t\t<form class=\"elementor-form\" method=\"post\" name=\"Turn Your Idea into a Business 2026\" aria-label=\"Turn Your Idea into a Business 2026\" action=\"\">\n\t\t\t<input type=\"hidden\" name=\"post_id\" value=\"2014\"\/>\n\t\t\t<input type=\"hidden\" name=\"form_id\" value=\"d4e6cae\"\/>\n\t\t\t<input type=\"hidden\" name=\"referer_title\" value=\"Apply - iDeaHub\" \/>\n\n\t\t\t\t\t\t\t<input type=\"hidden\" name=\"queried_id\" value=\"2014\"\/>\n\t\t\t\n\t\t\t<div class=\"elementor-form-fields-wrapper elementor-labels-above\">\n\t\t\t\t\t\t\t\t<div class=\"elementor-field-type-text elementor-field-group elementor-column elementor-field-group-name elementor-col-50 elementor-field-required elementor-mark-required\">\n\t\t\t\t\t\t\t\t\t\t\t\t<label for=\"form-field-name\" class=\"elementor-field-label\">\n\t\t\t\t\t\t\t\tV\u0101rds\t\t\t\t\t\t\t<\/label>\n\t\t\t\t\t\t\t\t\t\t\t\t\t\t<input size=\"1\" type=\"text\" name=\"form_fields[name]\" id=\"form-field-name\" class=\"elementor-field elementor-size-sm  elementor-field-textual\" placeholder=\"V\u0101rds\" required=\"required\">\n\t\t\t\t\t\t\t\t\t\t\t<\/div>\n\t\t\t\t\t\t\t\t<div class=\"elementor-field-type-text elementor-field-group elementor-column elementor-field-group-field_27a8eb5 elementor-col-50 elementor-field-required elementor-mark-required\">\n\t\t\t\t\t\t\t\t\t\t\t\t<label for=\"form-field-field_27a8eb5\" class=\"elementor-field-label\">\n\t\t\t\t\t\t\t\tUzv\u0101rds\t\t\t\t\t\t\t<\/label>\n\t\t\t\t\t\t\t\t\t\t\t\t\t\t<input size=\"1\" type=\"text\" name=\"form_fields[field_27a8eb5]\" id=\"form-field-field_27a8eb5\" class=\"elementor-field elementor-size-sm  elementor-field-textual\" placeholder=\"Uzv\u0101rds\" required=\"required\">\n\t\t\t\t\t\t\t\t\t\t\t<\/div>\n\t\t\t\t\t\t\t\t<div class=\"elementor-field-type-email elementor-field-group elementor-column elementor-field-group-email elementor-col-50 elementor-field-required elementor-mark-required\">\n\t\t\t\t\t\t\t\t\t\t\t\t<label for=\"form-field-email\" class=\"elementor-field-label\">\n\t\t\t\t\t\t\t\tE-pasts\t\t\t\t\t\t\t<\/label>\n\t\t\t\t\t\t\t\t\t\t\t\t\t\t<input size=\"1\" type=\"email\" name=\"form_fields[email]\" id=\"form-field-email\" class=\"elementor-field elementor-size-sm  elementor-field-textual\" placeholder=\"E-pasts\" required=\"required\">\n\t\t\t\t\t\t\t\t\t\t\t<\/div>\n\t\t\t\t\t\t\t\t<div class=\"elementor-field-type-tel elementor-field-group elementor-column elementor-field-group-field_dd4f846 elementor-col-50 elementor-field-required elementor-mark-required\">\n\t\t\t\t\t\t\t\t\t\t\t\t<label for=\"form-field-field_dd4f846\" class=\"elementor-field-label\">\n\t\t\t\t\t\t\t\tTelefons\t\t\t\t\t\t\t<\/label>\n\t\t\t\t\t\t\t\t<input size=\"1\" type=\"tel\" name=\"form_fields[field_dd4f846]\" id=\"form-field-field_dd4f846\" class=\"elementor-field elementor-size-sm  elementor-field-textual\" placeholder=\"Telefons\" required=\"required\" pattern=\"[0-9()#&amp;+*-=.]+\" title=\"Telefons\" data-no-translation-title=\"\">\n\n\t\t\t\t\t\t<\/div>\n\t\t\t\t\t\t\t\t<div class=\"elementor-field-type-text elementor-field-group elementor-column elementor-field-group-field_e512b39 elementor-col-100 elementor-field-required elementor-mark-required\">\n\t\t\t\t\t\t\t\t\t\t\t\t<label for=\"form-field-field_e512b39\" class=\"elementor-field-label\">\n\t\t\t\t\t\t\t\tIzgl\u012bt\u012bbas iest\u0101de\t\t\t\t\t\t\t<\/label>\n\t\t\t\t\t\t\t\t\t\t\t\t\t\t<input size=\"1\" type=\"text\" name=\"form_fields[field_e512b39]\" id=\"form-field-field_e512b39\" class=\"elementor-field elementor-size-sm  elementor-field-textual\" placeholder=\"Izgl\u012bt\u012bbas iest\u0101de\" required=\"required\">\n\t\t\t\t\t\t\t\t\t\t\t<\/div>\n\t\t\t\t\t\t\t\t<div class=\"elementor-field-type-text elementor-field-group elementor-column elementor-field-group-field_2023c62 elementor-col-50 elementor-field-required elementor-mark-required\">\n\t\t\t\t\t\t\t\t\t\t\t\t<label for=\"form-field-field_2023c62\" class=\"elementor-field-label\">\n\t\t\t\t\t\t\t\tKlase \/ kurss\t\t\t\t\t\t\t<\/label>\n\t\t\t\t\t\t\t\t\t\t\t\t\t\t<input size=\"1\" type=\"text\" name=\"form_fields[field_2023c62]\" id=\"form-field-field_2023c62\" class=\"elementor-field elementor-size-sm  elementor-field-textual\" placeholder=\"Klase \/ kurss\" required=\"required\">\n\t\t\t\t\t\t\t\t\t\t\t<\/div>\n\t\t\t\t\t\t\t\t<div class=\"elementor-field-type-text elementor-field-group elementor-column elementor-field-group-field_a1194f3 elementor-col-50 elementor-field-required elementor-mark-required\">\n\t\t\t\t\t\t\t\t\t\t\t\t<label for=\"form-field-field_a1194f3\" class=\"elementor-field-label\">\n\t\t\t\t\t\t\t\tPils\u0113ta\t\t\t\t\t\t\t<\/label>\n\t\t\t\t\t\t\t\t\t\t\t\t\t\t<input size=\"1\" type=\"text\" name=\"form_fields[field_a1194f3]\" id=\"form-field-field_a1194f3\" class=\"elementor-field elementor-size-sm  elementor-field-textual\" placeholder=\"Pils\u0113ta\" required=\"required\">\n\t\t\t\t\t\t\t\t\t\t\t<\/div>\n\t\t\t\t\t\t\t\t<div class=\"elementor-field-type-radio elementor-field-group elementor-column elementor-field-group-field_812fd1f elementor-col-100\">\n\t\t\t\t\t\t\t\t\t\t\t\t<label for=\"form-field-field_812fd1f\" class=\"elementor-field-label\">\n\t\t\t\t\t\t\t\tIzv\u0113l\u0113tais virziens\t\t\t\t\t\t\t<\/label>\n\t\t\t\t\t\t<div class=\"elementor-field-subgroup\"><span class=\"elementor-field-option\"><input type=\"radio\" value=\"Information and Communication Technologies\" id=\"form-field-field_812fd1f-0\" name=\"form_fields[field_812fd1f]\"> <label for=\"form-field-field_812fd1f-0\">Inform\u0101cijas un komunik\u0101cijas tehnolo\u0123ijas<\/label><\/span><span class=\"elementor-field-option\"><input type=\"radio\" value=\"Digital Society and Transformation\" id=\"form-field-field_812fd1f-1\" name=\"form_fields[field_812fd1f]\"> <label for=\"form-field-field_812fd1f-1\">Digit\u0101l\u0101 sabiedr\u012bba un transform\u0101cija<\/label><\/span><span class=\"elementor-field-option\"><input type=\"radio\" value=\"Smart Logistics and Transport\" id=\"form-field-field_812fd1f-2\" name=\"form_fields[field_812fd1f]\"> <label for=\"form-field-field_812fd1f-2\">Vied\u0101 lo\u0123istika un transports<\/label><\/span><\/div>\t\t\t\t<\/div>\n\t\t\t\t\t\t\t\t<div class=\"elementor-field-type-text elementor-field-group elementor-column elementor-field-group-field_7ad440c elementor-col-100\">\n\t\t\t\t\t\t\t\t\t\t\t\t\t<input size=\"1\" type=\"text\" name=\"form_fields[field_7ad440c]\" id=\"form-field-field_7ad440c\" class=\"elementor-field elementor-size-sm  elementor-field-textual\" placeholder=\"Cits virziens (l\u016bdzu, nor\u0101diet)\">\n\t\t\t\t\t\t\t\t\t\t\t<\/div>\n\t\t\t\t\t\t\t\t<div class=\"elementor-field-type-radio elementor-field-group elementor-column elementor-field-group-field_849cb12 elementor-col-100\">\n\t\t\t\t\t\t\t\t\t\t\t\t<label for=\"form-field-field_849cb12\" class=\"elementor-field-label\">\n\t\t\t\t\t\t\t\tPiedalos:\t\t\t\t\t\t\t<\/label>\n\t\t\t\t\t\t<div class=\"elementor-field-subgroup\"><span class=\"elementor-field-option\"><input type=\"radio\" value=\"Individually\" id=\"form-field-field_849cb12-0\" name=\"form_fields[field_849cb12]\"> <label for=\"form-field-field_849cb12-0\">Individu\u0101li<\/label><\/span><span class=\"elementor-field-option\"><input type=\"radio\" value=\"With a team (please specify the team name and number of participants)\" id=\"form-field-field_849cb12-1\" name=\"form_fields[field_849cb12]\"> <label for=\"form-field-field_849cb12-1\">Ar komandu (l\u016bdzam preciz\u0113t komandas nosaukumu un dal\u012bbnieku skaitu)<\/label><\/span><\/div>\t\t\t\t<\/div>\n\t\t\t\t\t\t\t\t<div class=\"elementor-field-type-text elementor-field-group elementor-column elementor-field-group-field_f727d85 elementor-col-100\">\n\t\t\t\t\t\t\t\t\t\t\t\t\t<input size=\"1\" type=\"text\" name=\"form_fields[field_f727d85]\" id=\"form-field-field_f727d85\" class=\"elementor-field elementor-size-sm  elementor-field-textual\" placeholder=\"Ar komandu (l\u016bdzam preciz\u0113t komandas nosaukumu un dal\u012bbnieku skaitu)\">\n\t\t\t\t\t\t\t\t\t\t\t<\/div>\n\t\t\t\t\t\t\t\t<div class=\"elementor-field-type-textarea elementor-field-group elementor-column elementor-field-group-field_eae2916 elementor-col-100 elementor-field-required elementor-mark-required\">\n\t\t\t\t\t\t\t\t\t\t\t\t<label for=\"form-field-field_eae2916\" class=\"elementor-field-label\">\n\t\t\t\t\t\t\t\tIdejas \u012bss apraksts\t\t\t\t\t\t\t<\/label>\n\t\t\t\t\t\t<textarea class=\"elementor-field-textual elementor-field  elementor-size-sm\" name=\"form_fields[field_eae2916]\" id=\"form-field-field_eae2916\" rows=\"4\" placeholder=\"Idejas \u012bss apraksts\" required=\"required\"><\/textarea>\t\t\t\t<\/div>\n\t\t\t\t\t\t\t\t<div class=\"elementor-field-type-textarea elementor-field-group elementor-column elementor-field-group-field_6144a91 elementor-col-100 elementor-field-required elementor-mark-required\">\n\t\t\t\t\t\t\t\t\t\t\t\t<label for=\"form-field-field_6144a91\" class=\"elementor-field-label\">\n\t\t\t\t\t\t\t\tSagaidam\u0101 projekta rezult\u0101tu \u012bss apraksts (prototips, demonstrators, tehnolo\u0123ija utt.)\t\t\t\t\t\t\t<\/label>\n\t\t\t\t\t\t<textarea class=\"elementor-field-textual elementor-field  elementor-size-sm\" name=\"form_fields[field_6144a91]\" id=\"form-field-field_6144a91\" rows=\"4\" required=\"required\"><\/textarea>\t\t\t\t<\/div>\n\t\t\t\t\t\t\t\t<div class=\"elementor-field-type-textarea elementor-field-group elementor-column elementor-field-group-field_7917b7f elementor-col-100 elementor-field-required elementor-mark-required\">\n\t\t\t\t\t\t\t\t\t\t\t\t<label for=\"form-field-field_7917b7f\" class=\"elementor-field-label\">\n\t\t\t\t\t\t\t\tK\u0101 uzzin\u0101ji par iDEAHUB?\t\t\t\t\t\t\t<\/label>\n\t\t\t\t\t\t<textarea class=\"elementor-field-textual elementor-field  elementor-size-sm\" name=\"form_fields[field_7917b7f]\" id=\"form-field-field_7917b7f\" rows=\"2\" required=\"required\"><\/textarea>\t\t\t\t<\/div>\n\t\t\t\t\t\t\t\t<div class=\"elementor-field-type-text\">\n\t\t\t\t\t<input size=\"1\" type=\"text\" name=\"form_fields[field_c24eca9]\" id=\"form-field-field_c24eca9\" class=\"elementor-field elementor-size-sm\" style=\"display:none !important;\">\t\t\t\t<\/div>\n\t\t\t\t\t\t\t\t<div class=\"elementor-field-type-recaptcha elementor-field-group elementor-column elementor-field-group-field_063cee7 elementor-col-100\">\n\t\t\t\t\t<div class=\"elementor-field\" id=\"form-field-field_063cee7\"><div class=\"elementor-g-recaptcha\" data-sitekey=\"6Lfz7DMjAAAAANR5xvM96LOUxl8jXNTVoqZF1Z14\" data-type=\"v2_checkbox\" data-theme=\"light\" data-size=\"normal\"><\/div><\/div>\t\t\t\t<\/div>\n\t\t\t\t\t\t\t\t<div class=\"elementor-field-group elementor-column elementor-field-type-submit elementor-col-100 e-form__buttons\">\n\t\t\t\t\t<button class=\"elementor-button elementor-size-sm\" type=\"submit\">\n\t\t\t\t\t\t<span class=\"elementor-button-content-wrapper\">\n\t\t\t\t\t\t\t\t\t\t\t\t\t\t\t\t\t\t\t\t\t\t<span class=\"elementor-button-text\">Iesniegt<\/span>\n\t\t\t\t\t\t\t\t\t\t\t\t\t<\/span>\n\t\t\t\t\t<\/button>\n\t\t\t\t<\/div>\n\t\t\t<\/div>\n\t\t<input type=\"hidden\" name=\"trp-form-language\" value=\"lv\"\/><\/form>\n\t\t\t\t\t\t<\/div>\n\t\t\t\t<\/div>\n\t\t\t\t<div class=\"elementor-element elementor-element-70e5d7c elementor-widget elementor-widget-text-editor\" data-id=\"70e5d7c\" data-element_type=\"widget\" data-e-type=\"widget\" data-widget_type=\"text-editor.default\">\n\t\t\t\t<div class=\"elementor-widget-container\">\n\t\t\t\t\t\t\t\t\t<p><a href=\"https:\/\/ideahub.tsi.lv\/wp-content\/uploads\/2026\/03\/1-Nolikums_2.04.2026_iDEAHUB.docx\" target=\"_blank\" rel=\"noreferrer noopener\">NOLIKUMS<br \/><\/a><a href=\"https:\/\/ideahub.tsi.lv\/wp-content\/uploads\/2026\/03\/2-Pieteikuma_veidlapa.docx\" target=\"_blank\" rel=\"noreferrer noopener\">PIETEIKUMA VEIDLAPA<\/a><br \/><a href=\"https:\/\/ideahub.tsi.lv\/wp-content\/uploads\/2026\/03\/3-Budzeta_veidlapa_Lielais_projekts.docx\" target=\"_blank\" rel=\"noreferrer noopener\">BUD\u017dETA PROJEKTA AIZPILDES VEIDLAPA<\/a><br \/><a href=\"https:\/\/ideahub.tsi.lv\/wp-content\/uploads\/2026\/03\/4-Vertesanas_kriteriji.docx\" target=\"_blank\" rel=\"noreferrer noopener\">V\u0112RT\u0112\u0160ANAS KRIT\u0112RIJI<\/a><\/p><p style=\"text-align: center;\"><span style=\"font-weight: 400;\">Projekts \u201cTransporta un sakaru instit\u016bta (TSI) inov\u0101ciju granti studentiem - iDEAHUB\u201d tiek \u012bstenots ar Eiropas Savien\u012bbas finans\u0113juma atbalstu projekta Nr. 1.1.1.7\/1\/25\/A\/004 ietvaros.<\/span><\/p>\t\t\t\t\t\t\t\t<\/div>\n\t\t\t\t<\/div>\n\t\t\t\t<div class=\"elementor-element elementor-element-4977498 elementor-widget__width-initial elementor-widget elementor-widget-image\" data-id=\"4977498\" data-element_type=\"widget\" data-e-type=\"widget\" data-widget_type=\"image.default\">\n\t\t\t\t<div class=\"elementor-widget-container\">\n\t\t\t\t\t\t\t\t\t\t\t\t\t\t\t<img decoding=\"async\" width=\"300\" height=\"129\" src=\"https:\/\/ideahub.tsi.lv\/wp-content\/uploads\/2026\/02\/EU-lidzfinanse-300x129.webp\" class=\"attachment-medium size-medium wp-image-1923\" alt=\"\" srcset=\"https:\/\/ideahub.tsi.lv\/wp-content\/uploads\/2026\/02\/EU-lidzfinanse-300x129.webp 300w, https:\/\/ideahub.tsi.lv\/wp-content\/uploads\/2026\/02\/EU-lidzfinanse-768x331.webp 768w, https:\/\/ideahub.tsi.lv\/wp-content\/uploads\/2026\/02\/EU-lidzfinanse-18x8.webp 18w, https:\/\/ideahub.tsi.lv\/wp-content\/uploads\/2026\/02\/EU-lidzfinanse-624x269.webp 624w, https:\/\/ideahub.tsi.lv\/wp-content\/uploads\/2026\/02\/EU-lidzfinanse.webp 980w\" sizes=\"(max-width: 300px) 100vw, 300px\" \/>\t\t\t\t\t\t\t\t\t\t\t\t\t\t\t<\/div>\n\t\t\t\t<\/div>\n\t\t\t\t\t<\/div>\n\t\t\t\t<\/div>\n\t\t\t\t<\/div>","protected":false},"excerpt":{"rendered":"<p>Turn Your Idea into Reality! The TSI University Business Incubator iDEAHUB is designed to empower the next generation of innovators, helping students transform ideas into&hellip;<\/p>","protected":false},"author":1,"featured_media":0,"parent":0,"menu_order":0,"comment_status":"closed","ping_status":"closed","template":"","meta":{"footnotes":""},"class_list":["post-2014","page","type-page","status-publish","hentry"],"yoast_head":"<!-- This site is optimized with the Yoast SEO plugin v27.2 - https:\/\/yoast.com\/product\/yoast-seo-wordpress\/ -->\n<title>Apply - iDeaHub<\/title>\n<meta name=\"robots\" content=\"index, follow, max-snippet:-1, max-image-preview:large, max-video-preview:-1\" \/>\n<link rel=\"canonical\" href=\"https:\/\/ideahub.tsi.lv\/lv\/apply\/\" class=\"yoast-seo-meta-tag\" \/>\n<meta property=\"og:locale\" content=\"lv_LV\" class=\"yoast-seo-meta-tag\" \/>\n<meta property=\"og:type\" content=\"article\" class=\"yoast-seo-meta-tag\" \/>\n<meta property=\"og:title\" content=\"Apply - iDeaHub\" class=\"yoast-seo-meta-tag\" \/>\n<meta property=\"og:description\" content=\"Turn Your Idea into Reality! The TSI University Business Incubator iDEAHUB is designed to empower the next generation of innovators, helping students transform ideas into&hellip;\" class=\"yoast-seo-meta-tag\" \/>\n<meta property=\"og:url\" content=\"https:\/\/ideahub.tsi.lv\/lv\/apply\/\" class=\"yoast-seo-meta-tag\" \/>\n<meta property=\"og:site_name\" content=\"iDeaHub\" class=\"yoast-seo-meta-tag\" \/>\n<meta property=\"article:modified_time\" content=\"2026-05-13T07:01:55+00:00\" class=\"yoast-seo-meta-tag\" \/>\n<meta property=\"og:image\" content=\"https:\/\/ideahub.tsi.lv\/wp-content\/uploads\/2026\/02\/EU-lidzfinanse.webp\" class=\"yoast-seo-meta-tag\" \/>\n\t<meta property=\"og:image:width\" content=\"980\" class=\"yoast-seo-meta-tag\" \/>\n\t<meta property=\"og:image:height\" content=\"423\" class=\"yoast-seo-meta-tag\" \/>\n\t<meta property=\"og:image:type\" content=\"image\/webp\" class=\"yoast-seo-meta-tag\" \/>\n<meta name=\"twitter:card\" content=\"summary_large_image\" class=\"yoast-seo-meta-tag\" \/>\n<meta name=\"twitter:label1\" content=\"Est. reading time\" class=\"yoast-seo-meta-tag\" \/>\n\t<meta name=\"twitter:data1\" content=\"2 min\u016btes\" class=\"yoast-seo-meta-tag\" \/>\n<script type=\"application\/ld+json\" class=\"yoast-schema-graph\">{\"@context\":\"https:\/\/schema.org\",\"@graph\":[{\"@type\":\"WebPage\",\"@id\":\"https:\/\/ideahub.tsi.lv\/apply\/\",\"url\":\"https:\/\/ideahub.tsi.lv\/apply\/\",\"name\":\"Apply - iDeaHub\",\"isPartOf\":{\"@id\":\"https:\/\/ideahub.tsi.lv\/#website\"},\"primaryImageOfPage\":{\"@id\":\"https:\/\/ideahub.tsi.lv\/apply\/#primaryimage\"},\"image\":{\"@id\":\"https:\/\/ideahub.tsi.lv\/apply\/#primaryimage\"},\"thumbnailUrl\":\"https:\/\/ideahub.tsi.lv\/wp-content\/uploads\/2026\/02\/EU-lidzfinanse-300x129.webp\",\"datePublished\":\"2026-05-13T06:56:45+00:00\",\"dateModified\":\"2026-05-13T07:01:55+00:00\",\"breadcrumb\":{\"@id\":\"https:\/\/ideahub.tsi.lv\/apply\/#breadcrumb\"},\"inLanguage\":\"lv-LV\",\"potentialAction\":[{\"@type\":\"ReadAction\",\"target\":[\"https:\/\/ideahub.tsi.lv\/apply\/\"]}]},{\"@type\":\"ImageObject\",\"inLanguage\":\"lv-LV\",\"@id\":\"https:\/\/ideahub.tsi.lv\/apply\/#primaryimage\",\"url\":\"https:\/\/ideahub.tsi.lv\/wp-content\/uploads\/2026\/02\/EU-lidzfinanse-300x129.webp\",\"contentUrl\":\"https:\/\/ideahub.tsi.lv\/wp-content\/uploads\/2026\/02\/EU-lidzfinanse-300x129.webp\"},{\"@type\":\"BreadcrumbList\",\"@id\":\"https:\/\/ideahub.tsi.lv\/apply\/#breadcrumb\",\"itemListElement\":[{\"@type\":\"ListItem\",\"position\":1,\"name\":\"Home\",\"item\":\"https:\/\/ideahub.tsi.lv\/\"},{\"@type\":\"ListItem\",\"position\":2,\"name\":\"Apply\"}]},{\"@type\":\"WebSite\",\"@id\":\"https:\/\/ideahub.tsi.lv\/#website\",\"url\":\"https:\/\/ideahub.tsi.lv\/\",\"name\":\"iDeaHub\",\"description\":\"Inov\u0101ciju Centrs\",\"publisher\":{\"@id\":\"https:\/\/ideahub.tsi.lv\/#organization\"},\"potentialAction\":[{\"@type\":\"SearchAction\",\"target\":{\"@type\":\"EntryPoint\",\"urlTemplate\":\"https:\/\/ideahub.tsi.lv\/?s={search_term_string}\"},\"query-input\":{\"@type\":\"PropertyValueSpecification\",\"valueRequired\":true,\"valueName\":\"search_term_string\"}}],\"inLanguage\":\"lv-LV\"},{\"@type\":\"Organization\",\"@id\":\"https:\/\/ideahub.tsi.lv\/#organization\",\"name\":\"IDeaHub\",\"url\":\"https:\/\/ideahub.tsi.lv\/\",\"logo\":{\"@type\":\"ImageObject\",\"inLanguage\":\"lv-LV\",\"@id\":\"https:\/\/ideahub.tsi.lv\/#\/schema\/logo\/image\/\",\"url\":\"https:\/\/ideahub.tsi.lv\/wp-content\/uploads\/2021\/12\/Ideahub-logo-ar-sloganu.webp\",\"contentUrl\":\"https:\/\/ideahub.tsi.lv\/wp-content\/uploads\/2021\/12\/Ideahub-logo-ar-sloganu.webp\",\"width\":909,\"height\":388,\"caption\":\"IDeaHub\"},\"image\":{\"@id\":\"https:\/\/ideahub.tsi.lv\/#\/schema\/logo\/image\/\"}}]}<\/script>\n<!-- \/ Yoast SEO plugin. -->","yoast_head_json":{"title":"Apply - iDeaHub","robots":{"index":"index","follow":"follow","max-snippet":"max-snippet:-1","max-image-preview":"max-image-preview:large","max-video-preview":"max-video-preview:-1"},"canonical":"https:\/\/ideahub.tsi.lv\/lv\/apply\/","og_locale":"lv_LV","og_type":"article","og_title":"Apply - iDeaHub","og_description":"Turn Your Idea into Reality! The TSI University Business Incubator iDEAHUB is designed to empower the next generation of innovators, helping students transform ideas into&hellip;","og_url":"https:\/\/ideahub.tsi.lv\/lv\/apply\/","og_site_name":"iDeaHub","article_modified_time":"2026-05-13T07:01:55+00:00","og_image":[{"width":980,"height":423,"url":"https:\/\/ideahub.tsi.lv\/wp-content\/uploads\/2026\/02\/EU-lidzfinanse.webp","type":"image\/webp"}],"twitter_card":"summary_large_image","twitter_misc":{"Est. reading time":"2 min\u016btes"},"schema":{"@context":"https:\/\/schema.org","@graph":[{"@type":"WebPage","@id":"https:\/\/ideahub.tsi.lv\/apply\/","url":"https:\/\/ideahub.tsi.lv\/apply\/","name":"Apply - iDeaHub","isPartOf":{"@id":"https:\/\/ideahub.tsi.lv\/#website"},"primaryImageOfPage":{"@id":"https:\/\/ideahub.tsi.lv\/apply\/#primaryimage"},"image":{"@id":"https:\/\/ideahub.tsi.lv\/apply\/#primaryimage"},"thumbnailUrl":"https:\/\/ideahub.tsi.lv\/wp-content\/uploads\/2026\/02\/EU-lidzfinanse-300x129.webp","datePublished":"2026-05-13T06:56:45+00:00","dateModified":"2026-05-13T07:01:55+00:00","breadcrumb":{"@id":"https:\/\/ideahub.tsi.lv\/apply\/#breadcrumb"},"inLanguage":"lv-LV","potentialAction":[{"@type":"ReadAction","target":["https:\/\/ideahub.tsi.lv\/apply\/"]}]},{"@type":"ImageObject","inLanguage":"lv-LV","@id":"https:\/\/ideahub.tsi.lv\/apply\/#primaryimage","url":"https:\/\/ideahub.tsi.lv\/wp-content\/uploads\/2026\/02\/EU-lidzfinanse-300x129.webp","contentUrl":"https:\/\/ideahub.tsi.lv\/wp-content\/uploads\/2026\/02\/EU-lidzfinanse-300x129.webp"},{"@type":"BreadcrumbList","@id":"https:\/\/ideahub.tsi.lv\/apply\/#breadcrumb","itemListElement":[{"@type":"ListItem","position":1,"name":"Home","item":"https:\/\/ideahub.tsi.lv\/"},{"@type":"ListItem","position":2,"name":"Apply"}]},{"@type":"WebSite","@id":"https:\/\/ideahub.tsi.lv\/#website","url":"https:\/\/ideahub.tsi.lv\/","name":"iDeaHub","description":"Inov\u0101ciju Centrs","publisher":{"@id":"https:\/\/ideahub.tsi.lv\/#organization"},"potentialAction":[{"@type":"SearchAction","target":{"@type":"EntryPoint","urlTemplate":"https:\/\/ideahub.tsi.lv\/?s={search_term_string}"},"query-input":{"@type":"PropertyValueSpecification","valueRequired":true,"valueName":"search_term_string"}}],"inLanguage":"lv-LV"},{"@type":"Organization","@id":"https:\/\/ideahub.tsi.lv\/#organization","name":"IDeaHub","url":"https:\/\/ideahub.tsi.lv\/","logo":{"@type":"ImageObject","inLanguage":"lv-LV","@id":"https:\/\/ideahub.tsi.lv\/#\/schema\/logo\/image\/","url":"https:\/\/ideahub.tsi.lv\/wp-content\/uploads\/2021\/12\/Ideahub-logo-ar-sloganu.webp","contentUrl":"https:\/\/ideahub.tsi.lv\/wp-content\/uploads\/2021\/12\/Ideahub-logo-ar-sloganu.webp","width":909,"height":388,"caption":"IDeaHub"},"image":{"@id":"https:\/\/ideahub.tsi.lv\/#\/schema\/logo\/image\/"}}]}},"_links":{"self":[{"href":"https:\/\/ideahub.tsi.lv\/lv\/wp-json\/wp\/v2\/pages\/2014","targetHints":{"allow":["GET"]}}],"collection":[{"href":"https:\/\/ideahub.tsi.lv\/lv\/wp-json\/wp\/v2\/pages"}],"about":[{"href":"https:\/\/ideahub.tsi.lv\/lv\/wp-json\/wp\/v2\/types\/page"}],"author":[{"embeddable":true,"href":"https:\/\/ideahub.tsi.lv\/lv\/wp-json\/wp\/v2\/users\/1"}],"replies":[{"embeddable":true,"href":"https:\/\/ideahub.tsi.lv\/lv\/wp-json\/wp\/v2\/comments?post=2014"}],"version-history":[{"count":4,"href":"https:\/\/ideahub.tsi.lv\/lv\/wp-json\/wp\/v2\/pages\/2014\/revisions"}],"predecessor-version":[{"id":2019,"href":"https:\/\/ideahub.tsi.lv\/lv\/wp-json\/wp\/v2\/pages\/2014\/revisions\/2019"}],"wp:attachment":[{"href":"https:\/\/ideahub.tsi.lv\/lv\/wp-json\/wp\/v2\/media?parent=2014"}],"curies":[{"name":"wp","href":"https:\/\/api.w.org\/{rel}","templated":true}]}}